{"id":9233,"date":"2025-08-30T10:48:32","date_gmt":"2025-08-30T08:48:32","guid":{"rendered":"https:\/\/limousineservicepoland.com\/?page_id=9233"},"modified":"2026-02-20T15:48:09","modified_gmt":"2026-02-20T14:48:09","slug":"services","status":"publish","type":"page","link":"https:\/\/limousineservicepoland.com\/pl\/services\/","title":{"rendered":"Us\u0142ugi"},"content":{"rendered":"<div data-elementor-type=\"wp-page\" data-elementor-id=\"9233\" class=\"elementor elementor-9233\">\n\t\t\t\t<div class=\"elementor-element elementor-element-8e2e125 e-flex e-con-boxed e-con e-parent\" data-id=\"8e2e125\" data-element_type=\"container\" data-e-type=\"container\">\n\t\t\t\t\t<div class=\"e-con-inner\">\n\t\t<div class=\"elementor-element elementor-element-9ffbafa e-con-full e-flex e-con e-child\" data-id=\"9ffbafa\" data-element_type=\"container\" data-e-type=\"container\">\n\t\t\t\t<div class=\"elementor-element elementor-element-b9161b4 elementor-widget elementor-widget-luxride-text-editor-v1\" data-id=\"b9161b4\" data-element_type=\"widget\" data-e-type=\"widget\" data-widget_type=\"luxride-text-editor-v1.default\">\n\t\t\t\t<div class=\"elementor-widget-container\">\n\t\t\t\t\t        <div class=\"position-relative position_p_relative\">\r\n                <h5>Transfery lotniskowe<\/h5>            <\/div>\r\n        \t\t\t\t<\/div>\n\t\t\t\t<\/div>\n\t\t\t\t<div class=\"elementor-element elementor-element-4005276 elementor-widget elementor-widget-luxride-image-box-v1\" data-id=\"4005276\" data-element_type=\"widget\" data-e-type=\"widget\" data-widget_type=\"luxride-image-box-v1.default\">\n\t\t\t\t<div class=\"elementor-widget-container\">\n\t\t\t\t\t <div class=\"luximage_box style_one imgobjfit video_position_ d_flex\"> \r\n            <div class=\"image one img_obj_fit_center\">\r\n            <img decoding=\"async\" src=\"https:\/\/limousineservicepoland.com\/wp-content\/uploads\/2024\/05\/admin-ajax.jpeg\" class=\"img parallax1\" alt=\"image\"   \/>\r\n        <\/div>\r\n              \r\n<\/div>\r\n\t\t\t\t<\/div>\n\t\t\t\t<\/div>\n\t\t\t\t<\/div>\n\t\t<div class=\"elementor-element elementor-element-adafbf7 e-con-full e-flex e-con e-child\" data-id=\"adafbf7\" data-element_type=\"container\" data-e-type=\"container\">\n\t\t\t\t<div class=\"elementor-element elementor-element-a88f096 elementor-widget elementor-widget-luxride-text-editor-v1\" data-id=\"a88f096\" data-element_type=\"widget\" data-e-type=\"widget\" data-widget_type=\"luxride-text-editor-v1.default\">\n\t\t\t\t<div class=\"elementor-widget-container\">\n\t\t\t\t\t        <div class=\"position-relative position_p_relative\">\r\n                <h5>Us\u0142ugi szoferskie<\/h5>            <\/div>\r\n        \t\t\t\t<\/div>\n\t\t\t\t<\/div>\n\t\t\t\t<div class=\"elementor-element elementor-element-02e56b4 elementor-widget elementor-widget-luxride-image-box-v1\" data-id=\"02e56b4\" data-element_type=\"widget\" data-e-type=\"widget\" data-widget_type=\"luxride-image-box-v1.default\">\n\t\t\t\t<div class=\"elementor-widget-container\">\n\t\t\t\t\t <div class=\"luximage_box style_one imgobjfit video_position_ d_flex\"> \r\n            <div class=\"image one img_obj_fit_center\">\r\n            <img decoding=\"async\" src=\"https:\/\/limousineservicepoland.com\/wp-content\/uploads\/2024\/04\/service7.jpg\" class=\"img parallax1\" alt=\"image\"   \/>\r\n        <\/div>\r\n              \r\n<\/div>\r\n\t\t\t\t<\/div>\n\t\t\t\t<\/div>\n\t\t\t\t<\/div>\n\t\t<div class=\"elementor-element elementor-element-1c5e4e5 e-con-full e-flex e-con e-child\" data-id=\"1c5e4e5\" data-element_type=\"container\" data-e-type=\"container\">\n\t\t\t\t<div class=\"elementor-element elementor-element-d09fc35 elementor-widget elementor-widget-luxride-text-editor-v1\" data-id=\"d09fc35\" data-element_type=\"widget\" data-e-type=\"widget\" data-widget_type=\"luxride-text-editor-v1.default\">\n\t\t\t\t<div class=\"elementor-widget-container\">\n\t\t\t\t\t        <div class=\"position-relative position_p_relative\">\r\n                <h5>Przejazdy mi\u0119dzymiastowe<\/h5>            <\/div>\r\n        \t\t\t\t<\/div>\n\t\t\t\t<\/div>\n\t\t\t\t<div class=\"elementor-element elementor-element-fd4027e elementor-widget elementor-widget-luxride-image-box-v1\" data-id=\"fd4027e\" data-element_type=\"widget\" data-e-type=\"widget\" data-widget_type=\"luxride-image-box-v1.default\">\n\t\t\t\t<div class=\"elementor-widget-container\">\n\t\t\t\t\t <div class=\"luximage_box style_one imgobjfit video_position_ d_flex\"> \r\n            <div class=\"image one img_obj_fit_center\">\r\n            <img decoding=\"async\" src=\"https:\/\/limousineservicepoland.com\/wp-content\/uploads\/2024\/04\/service1.jpg\" class=\"img parallax1\" alt=\"image\"   \/>\r\n        <\/div>\r\n              \r\n<\/div>\r\n\t\t\t\t<\/div>\n\t\t\t\t<\/div>\n\t\t\t\t<\/div>\n\t\t\t\t\t<\/div>\n\t\t\t\t<\/div>\n\t\t<div class=\"elementor-element elementor-element-94c642a e-flex e-con-boxed e-con e-parent\" data-id=\"94c642a\" data-element_type=\"container\" data-e-type=\"container\">\n\t\t\t\t\t<div class=\"e-con-inner\">\n\t\t\t\t<div class=\"elementor-element elementor-element-b39018e elementor-widget elementor-widget-luxride-title-v1\" data-id=\"b39018e\" data-element_type=\"widget\" data-e-type=\"widget\" data-widget_type=\"luxride-title-v1.default\">\n\t\t\t\t<div class=\"elementor-widget-container\">\n\t\t\t\t\t \r\n<div class=\"title_all_box style_one dark_color\">\r\n            <div class=\"font-16 color-dark mb_20 d-inline-block\">  \r\n                    <i class=\"\"><\/i>\r\n                        Pozna\u0144 - Warszawa - Berlin - Gda\u0144sk - Krak\u00f3w \r\n        <\/div>\r\n                <h2 class=\"font-44 mb_15\">Transfer lotniskowy <\/h2>\r\n                <p class=\"text-16 color-dark mb_0\">\nOferujemy luksusowe transfery lotniskowe z kierowc\u0105 i odbiory. Wyj\u0105tkowe bezpiecze\u0144stwo, us\u0142uga Meet and Greet. Godzina bezp\u0142atnego oczekiwania i \u015bledzenie lotu. Profesjonalni kierowcy i pojazdy. Sta\u0142e ceny transfer\u00f3w lotniskowych. Us\u0142uga VIP \u2013 uzyskaj wycen\u0119 ju\u017c dzi\u015b!\n<br>\n<br>\n<\/p>\r\n    <\/div>\r\n\t\t\t\t<\/div>\n\t\t\t\t<\/div>\n\t\t\t\t<div class=\"elementor-element elementor-element-55158ae elementor-invisible elementor-widget elementor-widget-luxride-list-v1\" data-id=\"55158ae\" data-element_type=\"widget\" data-e-type=\"widget\" data-settings=\"{&quot;_animation&quot;:&quot;fadeInUp&quot;}\" data-widget_type=\"luxride-list-v1.default\">\n\t\t\t\t<div class=\"elementor-widget-container\">\n\t\t\t\t\t  \n<ul class=\"list_items_box ul_icons dark_color list_type\">\n                        <li class=\"list_items trans icons\">\n                <div class=\"l_box d_flex align-items-center\">\n                                            <div class=\"icon_box\">\n                                                                                                                                                        <svg aria-hidden=\"false\" class=\"e-font-icon-svg e-fas-arrow-alt-circle-right\" viewbox=\"0 0 512 512\" xmlns=\"http:\/\/www.w3.org\/2000\/svg\"><path d=\"M256 8c137 0 248 111 248 248S393 504 256 504 8 393 8 256 119 8 256 8zM140 300h116v70.9c0 10.7 13 16.1 20.5 8.5l114.3-114.9c4.7-4.7 4.7-12.2 0-16.9l-114.3-115c-7.6-7.6-20.5-2.2-20.5 8.5V212H140c-6.6 0-12 5.4-12 12v64c0 6.6 5.4 12 12 12z\"><\/path><\/svg>                                                                                    <\/div>\n                                                                 \n                                <a class=\"d-block font-18 mb_0\" href=\"#\"  target=\"&quot;_blank&quot;\"  rel=\"&quot;nofollow&quot;\">100% Luksusowa flota<\/a>\n                       \n                                                            <\/div>\n                            <\/li>\n                    <li class=\"list_items trans icons\">\n                <div class=\"l_box d_flex align-items-center\">\n                                            <div class=\"icon_box\">\n                                                                                                                                                        <svg aria-hidden=\"false\" class=\"e-font-icon-svg e-fas-arrow-alt-circle-right\" viewbox=\"0 0 512 512\" xmlns=\"http:\/\/www.w3.org\/2000\/svg\"><path d=\"M256 8c137 0 248 111 248 248S393 504 256 504 8 393 8 256 119 8 256 8zM140 300h116v70.9c0 10.7 13 16.1 20.5 8.5l114.3-114.9c4.7-4.7 4.7-12.2 0-16.9l-114.3-115c-7.6-7.6-20.5-2.2-20.5 8.5V212H140c-6.6 0-12 5.4-12 12v64c0 6.6 5.4 12 12 12z\"><\/path><\/svg>                                                                                    <\/div>\n                                                                 \n                                <a class=\"d-block font-18 mb_0\" href=\"#\"  target=\"&quot;_blank&quot;\"  rel=\"&quot;nofollow&quot;\">\nCa\u0142a nasza flota jest w pe\u0142ni sprawdzana i serwisowana<\/a>\n                       \n                                                            <\/div>\n                            <\/li>\n                    <li class=\"list_items trans icons\">\n                <div class=\"l_box d_flex align-items-center\">\n                                            <div class=\"icon_box\">\n                                                                                                                                                        <svg aria-hidden=\"false\" class=\"e-font-icon-svg e-fas-arrow-alt-circle-right\" viewbox=\"0 0 512 512\" xmlns=\"http:\/\/www.w3.org\/2000\/svg\"><path d=\"M256 8c137 0 248 111 248 248S393 504 256 504 8 393 8 256 119 8 256 8zM140 300h116v70.9c0 10.7 13 16.1 20.5 8.5l114.3-114.9c4.7-4.7 4.7-12.2 0-16.9l-114.3-115c-7.6-7.6-20.5-2.2-20.5 8.5V212H140c-6.6 0-12 5.4-12 12v64c0 6.6 5.4 12 12 12z\"><\/path><\/svg>                                                                                    <\/div>\n                                                                 \n                                <a class=\"d-block font-18 mb_0\" href=\"#\"  target=\"&quot;_blank&quot;\"  rel=\"&quot;nofollow&quot;\">\nBezpieczna i pewna podr\u00f3\u017c<\/a>\n                       \n                                                            <\/div>\n                            <\/li>\n                    <li class=\"list_items trans icons\">\n                <div class=\"l_box d_flex align-items-center\">\n                                            <div class=\"icon_box\">\n                                                                                                                                                        <svg aria-hidden=\"false\" class=\"e-font-icon-svg e-fas-arrow-alt-circle-right\" viewbox=\"0 0 512 512\" xmlns=\"http:\/\/www.w3.org\/2000\/svg\"><path d=\"M256 8c137 0 248 111 248 248S393 504 256 504 8 393 8 256 119 8 256 8zM140 300h116v70.9c0 10.7 13 16.1 20.5 8.5l114.3-114.9c4.7-4.7 4.7-12.2 0-16.9l-114.3-115c-7.6-7.6-20.5-2.2-20.5 8.5V212H140c-6.6 0-12 5.4-12 12v64c0 6.6 5.4 12 12 12z\"><\/path><\/svg>                                                                                    <\/div>\n                                                                 \n                                <a class=\"d-block font-18 mb_0\" href=\"#\"  target=\"&quot;_blank&quot;\"  rel=\"&quot;nofollow&quot;\">\nWygodna i przyjemna<\/a>\n                       \n                                                            <\/div>\n                            <\/li>\n                    <li class=\"list_items trans icons\">\n                <div class=\"l_box d_flex align-items-center\">\n                                            <div class=\"icon_box\">\n                                                                                                                                                        <svg aria-hidden=\"false\" class=\"e-font-icon-svg e-fas-arrow-alt-circle-right\" viewbox=\"0 0 512 512\" xmlns=\"http:\/\/www.w3.org\/2000\/svg\"><path d=\"M256 8c137 0 248 111 248 248S393 504 256 504 8 393 8 256 119 8 256 8zM140 300h116v70.9c0 10.7 13 16.1 20.5 8.5l114.3-114.9c4.7-4.7 4.7-12.2 0-16.9l-114.3-115c-7.6-7.6-20.5-2.2-20.5 8.5V212H140c-6.6 0-12 5.4-12 12v64c0 6.6 5.4 12 12 12z\"><\/path><\/svg>                                                                                    <\/div>\n                                                                 \n                                <a class=\"d-block font-18 mb_0\" href=\"#\"  target=\"&quot;_blank&quot;\"  rel=\"&quot;nofollow&quot;\">\nKierowca, uprzejmy i kompetentny<\/a>\n                       \n                                                            <\/div>\n                            <\/li>\n            <\/ul>\n\n\t\t\t\t<\/div>\n\t\t\t\t<\/div>\n\t\t\t\t\t<\/div>\n\t\t\t\t<\/div>\n\t\t  <div class=\"elementor-element elementor-element-c902fe5 e-flex e-con-boxed e-con e-parent\" data-id=\"c902fe5\" data-element_type=\"container\" data-e-type=\"container\">\n\t\t\t\t\t<div class=\"e-con-inner\">\n\t\t<div class=\"elementor-element elementor-element-39ac648 e-flex e-con-boxed e-con e-child\" data-id=\"39ac648\" data-element_type=\"container\" data-e-type=\"container\">\n\t\t\t\t\t<div class=\"e-con-inner\">\n\t\t\t\t<div class=\"elementor-element elementor-element-cf412e7 elementor-invisible elementor-widget elementor-widget-luxride-title-v1\" data-id=\"cf412e7\" data-element_type=\"widget\" data-e-type=\"widget\" data-settings=\"{&quot;_animation&quot;:&quot;fadeInUp&quot;}\" data-widget_type=\"luxride-title-v1.default\">\n\t\t\t\t<div class=\"elementor-widget-container\">\n\t\t\t\t\t \r\n<div class=\"title_all_box style_one dark_color\">\r\n                <h2 class=\"font-44 mb_15\">Jak to dzia\u0142a<\/h2>\r\n        <\/div>\r\n\t\t\t\t<\/div>\n\t\t\t\t<\/div>\n\t\t\t\t\t<\/div>\n\t\t\t\t<\/div>\n\t\t<div class=\"elementor-element elementor-element-a9ca02b e-con-full e-flex e-con e-child\" data-id=\"a9ca02b\" data-element_type=\"container\" data-e-type=\"container\">\n\t\t<div class=\"elementor-element elementor-element-a83bcb9 e-con-full e-flex e-con e-child\" data-id=\"a83bcb9\" data-element_type=\"container\" data-e-type=\"container\">\n\t\t\t\t<div class=\"elementor-element elementor-element-e1d72bc elementor-invisible elementor-widget elementor-widget-luxride-icon-box-widget-v1\" data-id=\"e1d72bc\" data-element_type=\"widget\" data-e-type=\"widget\" data-settings=\"{&quot;_animation&quot;:&quot;fadeInUp&quot;}\" data-widget_type=\"luxride-icon-box-widget-v1.default\">\n\t\t\t\t<div class=\"elementor-widget-container\">\n\t\t\t\t\t                 <div class=\"icon-box-widget trans d_flex style_one version_dark  ccolumn box_left\"> \n                            <div class=\"icon_box\">\n                                                <div class=\"icon\">\n                                <img decoding=\"async\" src=\"https:\/\/luxride.themepanthers.com\/lux2\/wp-content\/uploads\/2024\/04\/route.svg\" class=\"img-fluid svg_image\" alt=\"\" \/>\n                            <\/div>\n                                            \n                    \n                                    <\/div>\n             \n            <div class=\"content\">\n                                                <div class=\"font-20 color-dark mb_15\">Utw\u00f3rz tras\u0119<\/div>\n                                         \n                                    <p class=\"text-16 color-dark mb_20\">\nWprowad\u017a lokalizacje odbioru i cel lub liczb\u0119 godzin, na kt\u00f3re chcesz zarezerwowa\u0107 samoch\u00f3d z kierowc\u0105.<\/p>\n                                 \n                                                             <\/div>\n        <\/div>\n                \t\t\t\t<\/div>\n\t\t\t\t<\/div>\n\t\t\t\t<div class=\"elementor-element elementor-element-da4ab32 elementor-absolute elementor-hidden-tablet elementor-hidden-mobile_extra elementor-hidden-mobile elementor-invisible elementor-widget elementor-widget-image\" data-id=\"da4ab32\" data-element_type=\"widget\" data-e-type=\"widget\" data-settings=\"{&quot;_position&quot;:&quot;absolute&quot;,&quot;_animation&quot;:&quot;fadeInUp&quot;}\" data-widget_type=\"image.default\">\n\t\t\t\t\t\t\t\t\t\t\t\t\t\t\t<img decoding=\"async\" width=\"72\" height=\"72\" src=\"https:\/\/limousineservicepoland.com\/wp-content\/uploads\/2024\/04\/arrow-button.svg\" class=\"attachment-large size-large wp-image-1513\" alt=\"\" \/>\t\t\t\t\t\t\t\t\t\t\t\t\t\t\t<\/div>\n\t\t\t\t<\/div>\n\t\t<div class=\"elementor-element elementor-element-ae9f412 e-con-full e-flex e-con e-child\" data-id=\"ae9f412\" data-element_type=\"container\" data-e-type=\"container\">\n\t\t\t\t<div class=\"elementor-element elementor-element-01b300e elementor-invisible elementor-widget elementor-widget-luxride-icon-box-widget-v1\" data-id=\"01b300e\" data-element_type=\"widget\" data-e-type=\"widget\" data-settings=\"{&quot;_animation&quot;:&quot;fadeInUp&quot;}\" data-widget_type=\"luxride-icon-box-widget-v1.default\">\n\t\t\t\t<div class=\"elementor-widget-container\">\n\t\t\t\t\t                <div class=\"icon-box-widget trans d_flex style_one version_dark  ccolumn box_left\"> \n                            <div class=\"icon_box\">\n                                                <div class=\"icon\">\n                                <img decoding=\"async\" src=\"https:\/\/luxride.themepanthers.com\/lux2\/wp-content\/uploads\/2024\/04\/vehicle.svg\" class=\"img-fluid svg_image\" alt=\"\" \/>\n                            <\/div>\n                                            \n                    \n                                    <\/div>\n             \n            <div class=\"content\">\n                                                <div class=\"font-20 color-dark mb_15\">Zarezerwuj szofera<\/div>\n                                         \n                                    <p class=\"text-16 color-dark mb_20\">Rezerwacji mo\u017cna \u0142atwo dokona\u0107 za po\u015brednictwem naszej strony internetowej, aplikacji mobilnej lub kontaktuj\u0105c si\u0119 z naszym dzia\u0142em obs\u0142ugi klienta. <\/p>\n                                 \n                                                             <\/div>\n        <\/div>\n                \t\t\t\t<\/div>\n\t\t\t\t<\/div>\n\t\t\t\t<div class=\"elementor-element elementor-element-16e0af7 elementor-absolute elementor-hidden-tablet elementor-hidden-mobile_extra elementor-hidden-mobile elementor-invisible elementor-widget elementor-widget-image\" data-id=\"16e0af7\" data-element_type=\"widget\" data-e-type=\"widget\" data-settings=\"{&quot;_position&quot;:&quot;absolute&quot;,&quot;_animation&quot;:&quot;fadeInUp&quot;}\" data-widget_type=\"image.default\">\n\t\t\t\t\t\t\t\t\t\t\t\t\t\t\t<img decoding=\"async\" width=\"72\" height=\"72\" src=\"https:\/\/limousineservicepoland.com\/wp-content\/uploads\/2024\/04\/arrow-button.svg\" class=\"attachment-large size-large wp-image-1513\" alt=\"\" \/>\t\t\t\t\t\t\t\t\t\t\t\t\t\t\t<\/div>\n\t\t\t\t<\/div>\n\t\t<div class=\"elementor-element elementor-element-9cd7cd1 e-con-full e-flex e-con e-child\" data-id=\"9cd7cd1\" data-element_type=\"container\" data-e-type=\"container\">\n\t\t\t\t<div class=\"elementor-element elementor-element-f223d8f elementor-invisible elementor-widget elementor-widget-luxride-icon-box-widget-v1\" data-id=\"f223d8f\" data-element_type=\"widget\" data-e-type=\"widget\" data-settings=\"{&quot;_animation&quot;:&quot;fadeInUp&quot;}\" data-widget_type=\"luxride-icon-box-widget-v1.default\">\n\t\t\t\t<div class=\"elementor-widget-container\">\n\t\t\t\t\t                <div class=\"icon-box-widget trans d_flex style_one version_dark  ccolumn box_left\"> \n                            <div class=\"icon_box\">\n                                                <div class=\"icon\">\n                                <img decoding=\"async\" src=\"https:\/\/luxride.themepanthers.com\/lux2\/wp-content\/uploads\/2024\/04\/like.svg\" class=\"img-fluid svg_image\" alt=\"\" \/>\n                            <\/div>\n                                            \n                    \n                                    <\/div>\n             \n            <div class=\"content\">\n                                                <div class=\"font-20 color-dark mb_15\">Otrzymanie potwierdzenia <\/div>\n                                         \n                                    <p class=\"text-16 color-dark mb_20\">Po otrzymaniu rezerwacji otrzymasz wiadomo\u015b\u0107 e-mail z potwierdzeniem lub powiadomienie zawieraj\u0105ce wszystkie szczeg\u00f3\u0142y rezerwacji. <\/p>\n                                 \n                                                             <\/div>\n        <\/div>\n                \t\t\t\t<\/div>\n\t\t\t\t<\/div>\n\t\t\t\t<div class=\"elementor-element elementor-element-2061a42 elementor-widget elementor-widget-luxride-themebtns-v1\" data-id=\"2061a42\" data-element_type=\"widget\" data-e-type=\"widget\" data-widget_type=\"luxride-themebtns-v1.default\">\n\t\t\t\t<div class=\"elementor-widget-container\">\n\t\t\t\t\t  \r\n<div class=\"theme_btn_all\">\r\n     \r\n        <a href=\"https:\/\/fasttransfer.eu\/rezerwacja\/\" class=\"theme_btn\"  target=\"&quot;_blank&quot;\"  rel=\"&quot;nofollow&quot;\"> \r\n            Rezerwacja \r\n                            <div class=\"icon_box\">\r\n                    \r\n                                            <div class=\"icons\">\r\n                            <span class=\"fa fa-arrow-circle-right\"><\/span>\r\n                        <\/div>\r\n                    \r\n                                    <\/div>\r\n             \r\n    <\/a> \r\n \r\n<\/div>\r\n\r\n\t\t\t\t<\/div>\n\t\t\t\t<\/div>\n\t\t\t\t<\/div>\n\t\t\t\t<\/div>\n\t\t\t\t\t<\/div>\n\t\t\t\t<\/div>\n\t\t\t\t<\/div>","protected":false},"excerpt":{"rendered":"<p>Airport Transfers Chauffeur Hailing Intercity Rides Poznan &#8211; Warsaw &#8211; Berlin &#8211; Gdansk &#8211; Krakow Airport transfer We offer luxury chauffeur driven airport transfers and pickups. Exceptional Safe, Meet and Greet. One hour of complimentary wait time and flight tracking. Professional Drivers &amp; Vehicles. Fixed prices on airport transfers. VIP service, get your quote today! [&hellip;]<\/p>\n","protected":false},"author":1,"featured_media":0,"parent":0,"menu_order":0,"comment_status":"closed","ping_status":"closed","template":"template-homepage.php","meta":{"pagelayer_contact_templates":[],"_pagelayer_content":"","footnotes":""},"class_list":["post-9233","page","type-page","status-publish","hentry"],"_links":{"self":[{"href":"https:\/\/limousineservicepoland.com\/pl\/wp-json\/wp\/v2\/pages\/9233","targetHints":{"allow":["GET"]}}],"collection":[{"href":"https:\/\/limousineservicepoland.com\/pl\/wp-json\/wp\/v2\/pages"}],"about":[{"href":"https:\/\/limousineservicepoland.com\/pl\/wp-json\/wp\/v2\/types\/page"}],"author":[{"embeddable":true,"href":"https:\/\/limousineservicepoland.com\/pl\/wp-json\/wp\/v2\/users\/1"}],"replies":[{"embeddable":true,"href":"https:\/\/limousineservicepoland.com\/pl\/wp-json\/wp\/v2\/comments?post=9233"}],"version-history":[{"count":34,"href":"https:\/\/limousineservicepoland.com\/pl\/wp-json\/wp\/v2\/pages\/9233\/revisions"}],"predecessor-version":[{"id":24133,"href":"https:\/\/limousineservicepoland.com\/pl\/wp-json\/wp\/v2\/pages\/9233\/revisions\/24133"}],"wp:attachment":[{"href":"https:\/\/limousineservicepoland.com\/pl\/wp-json\/wp\/v2\/media?parent=9233"}],"curies":[{"name":"wp","href":"https:\/\/api.w.org\/{rel}","templated":true}]}}