{"id":75,"date":"2025-08-30T10:26:48","date_gmt":"2025-08-30T08:26:48","guid":{"rendered":"https:\/\/luxride.themepanthers.com\/lux\/?page_id=75"},"modified":"2026-02-20T15:45:22","modified_gmt":"2026-02-20T14:45:22","slug":"home","status":"publish","type":"page","link":"https:\/\/limousineservicepoland.com\/pl\/","title":{"rendered":"Strona g\u0142\u00f3wna"},"content":{"rendered":"<div data-elementor-type=\"wp-page\" data-elementor-id=\"75\" class=\"elementor elementor-75\">\n\t\t\t\t<div class=\"elementor-element elementor-element-22ffafe e-con-full e-flex e-con e-parent\" data-id=\"22ffafe\" data-element_type=\"container\" data-e-type=\"container\">\n\t\t\t\t<div class=\"elementor-element elementor-element-3a590b0 elementor-widget elementor-widget-luxride-slider-1\" data-id=\"3a590b0\" data-element_type=\"widget\" data-e-type=\"widget\" data-widget_type=\"luxride-slider-1.default\">\n\t\t\t\t<div class=\"elementor-widget-container\">\n\t\t\t\t\t  \n    <section class=\"slider_v1\">\n    <div class=\"swiper swiper-container swiper_container\" data-swiper='{        \"loop\": false,        \"autoplay\": { \"delay\": \"6000\" },        \"speed\": \"800\",        \"centeredSlides\": false,        \"parallax\": true,        \"spaceBetween\": 0,        \"navigation\": {            \"nextEl\": \".slider-button-next\",            \"prevEl\": \".slider-button-prev\"        },        \"pagination\": {            \"el\": \".slider-fraction\",            \"clickable\": true,            \"type\": \"fraction\"        },        \"grabCursor\": true,          \"breakpoints\": {            \"1200\": { \"slidesPerView\": 1 },            \"1024\": { \"slidesPerView\": 1 },            \"768\": { \"slidesPerView\": 1 },            \"576\": { \"slidesPerView\": 1 }        }    }'>\n        <div class=\"swiper-wrapper\">\n                  \n                             \n                <div class=\"swiper-slide\">\n                    <div class=\"slider_box_V1\">\n                                                    <div class=\"slide-bgimg\" style=\"background-image:url(https:\/\/luxride.themepanthers.com\/lux\/wp-content\/plugins\/luxride-addons\/assets\/image\/slider\/banner.jpg);\"><\/div>\n                                              \n                        <div class=\"container\">\n                            <div class=\"row\"> \n                                <div class=\"col-md-12 col-sm-12\">\n                                    <div class=\"slider_content\">\n                                      \n                                                                                    <div class=\"font-18 color-white mb_15\" data-swiper-parallax-x=\"30%\" data-swiper-parallax-opacity=\"0\">\n                                                    Gdzie chcia\u0142by\u015b pojecha\u0107?                                            <\/div>\n                                                                                                                            <div class=\"font-52 color-white mb_15\" data-swiper-parallax-x=\"-50%\" data-swiper-parallax-opacity=\"0\">\n                                                Twoje osobiste <br> Us\u0142ugi szoferskie                                            <\/div>\n                                                                                                                        <div class=\"d-flex align-items-center button_group\">\n                                                                                     \n                                        <\/div>\n                                        \n                                    <\/div>\n                                <\/div>\n                                \n                            <\/div>\n                        <\/div>\n                    <\/div>\n                <\/div>\n                             \n                <div class=\"swiper-slide\">\n                    <div class=\"slider_box_V1\">\n                                                    <div class=\"slide-bgimg\" style=\"background-image:url(https:\/\/luxride.themepanthers.com\/lux\/wp-content\/plugins\/luxride-addons\/assets\/image\/slider\/banner2.jpg);\"><\/div>\n                                              \n                        <div class=\"container\">\n                            <div class=\"row\"> \n                                <div class=\"col-md-12 col-sm-12\">\n                                    <div class=\"slider_content\">\n                                      \n                                                                                    <div class=\"font-18 color-white mb_15\" data-swiper-parallax-x=\"30%\" data-swiper-parallax-opacity=\"0\">\n                                                    Gdzie chcia\u0142by\u015b pojecha\u0107?                                            <\/div>\n                                                                                                                            <div class=\"font-52 color-white mb_15\" data-swiper-parallax-x=\"-50%\" data-swiper-parallax-opacity=\"0\">\n                                                Zapewniaj\u0105 wysoki komfort podczas podr\u00f3\u017cy                                            <\/div>\n                                                                                                                        <div class=\"d-flex align-items-center button_group\">\n                                                                                     \n                                        <\/div>\n                                        \n                                    <\/div>\n                                <\/div>\n                                \n                            <\/div>\n                        <\/div>\n                    <\/div>\n                <\/div>\n                             \n                <div class=\"swiper-slide\">\n                    <div class=\"slider_box_V1\">\n                                                    <div class=\"slide-bgimg\" style=\"background-image:url(https:\/\/limousineservicepoland.com\/wp-content\/uploads\/2024\/11\/banner-11-1.jpg);\"><\/div>\n                                              \n                        <div class=\"container\">\n                            <div class=\"row\"> \n                                <div class=\"col-md-12 col-sm-12\">\n                                    <div class=\"slider_content\">\n                                      \n                                                                                    <div class=\"font-18 color-white mb_15\" data-swiper-parallax-x=\"30%\" data-swiper-parallax-opacity=\"0\">\n                                                    Gdzie chcia\u0142by\u015b pojecha\u0107?                                            <\/div>\n                                                                                                                            <div class=\"font-52 color-white mb_15\" data-swiper-parallax-x=\"-50%\" data-swiper-parallax-opacity=\"0\">\n                                                Transfer Biznesowy Profesjonalny i dyskretny                                            <\/div>\n                                                                                                                        <div class=\"d-flex align-items-center button_group\">\n                                                                                     \n                                        <\/div>\n                                        \n                                    <\/div>\n                                <\/div>\n                                \n                            <\/div>\n                        <\/div>\n                    <\/div>\n                <\/div>\n                    <\/div>\n      \n        <div class=\"arrowfraction_box\">\n                    <div class=\"container\">\n                    <div class=\"row\"> \n                                <div class=\"col-md-12 col-sm-12\">\n                         <div class=\"d_flex align-items-center arrowfraction\">\n                                            <div class=\"swiper_arrows d_flex align-items-center\">\n                                              \n                                                <div class=\"slider-button-prev arrow-prev\"><i class=\"fi-rr-arrow-small-left\"><\/i><\/div>\n                                                <div class=\"slider-button-next arrow-next\"><i class=\"fi-rr-arrow-small-right\"><\/i><\/div>\n                                            <\/div>\n                                            <div class=\"swiper_fraction\">\n                                                <div class=\"slider-fraction\"><\/div>\n                                            <\/div> \n                                        <\/div>\n                                        <\/div>\n                                        <\/div>\n                                        <\/div>\n                                        <\/div>\n    <\/div>\n<\/section>\n\n    \t\t\t\t<\/div>\n\t\t\t\t<\/div>\n\t\t\t\t<\/div>\n\t\t<div class=\"elementor-element elementor-element-7c991a1 e-con-full e-flex e-con e-parent\" data-id=\"7c991a1\" data-element_type=\"container\" data-e-type=\"container\" data-settings=\"{&quot;background_background&quot;:&quot;classic&quot;}\">\n\t\t<div class=\"elementor-element elementor-element-ff128f6 e-flex e-con-boxed e-con e-child\" data-id=\"ff128f6\" data-element_type=\"container\" data-e-type=\"container\">\n\t\t\t\t\t<div class=\"e-con-inner\">\n\t\t<div class=\"elementor-element elementor-element-3036316 e-flex e-con-boxed e-con e-child\" data-id=\"3036316\" data-element_type=\"container\" data-e-type=\"container\">\n\t\t\t\t\t<div class=\"e-con-inner\">\n\t\t\t\t<div class=\"elementor-element elementor-element-76a70c0 elementor-invisible elementor-widget elementor-widget-luxride-title-v1\" data-id=\"76a70c0\" data-element_type=\"widget\" data-e-type=\"widget\" data-settings=\"{&quot;_animation&quot;:&quot;fadeInUp&quot;}\" data-widget_type=\"luxride-title-v1.default\">\n\t\t\t\t<div class=\"elementor-widget-container\">\n\t\t\t\t\t \r\n<div class=\"title_all_box style_one dark_color\">\r\n                <h2 class=\"font-44 mb_15\">Nasza flota<\/h2>\r\n        <\/div>\r\n\t\t\t\t<\/div>\n\t\t\t\t<\/div>\n\t\t\t\t\t<\/div>\n\t\t\t\t<\/div>\n\t\t\t\t\t<\/div>\n\t\t\t\t<\/div>\n\t\t<div class=\"elementor-element elementor-element-129ab00 e-flex e-con-boxed e-con e-child\" data-id=\"129ab00\" data-element_type=\"container\" data-e-type=\"container\">\n\t\t\t\t\t<div class=\"e-con-inner\">\n\t\t\t\t<div class=\"elementor-element elementor-element-2fbc6ec elementor-invisible elementor-widget elementor-widget-luxride-fleet-carousel-v1\" data-id=\"2fbc6ec\" data-element_type=\"widget\" data-e-type=\"widget\" data-settings=\"{&quot;_animation&quot;:&quot;fadeInUp&quot;}\" data-widget_type=\"luxride-fleet-carousel-v1.default\">\n\t\t\t\t<div class=\"elementor-widget-container\">\n\t\t\t\t\t \n    <div class=\"position-relative arrows_post_default\"> \n    <div class=\"swiper swiper-container swiper_container\" data-swiper='{    \"loop\": false,    \"autoplay\": {        \"delay\": 4000    },    \"speed\": 800,    \"centeredSlides\": false,    \"spaceBetween\": 30,    \"navigation\": {        \"nextEl\": \".fleet-next-one\",        \"prevEl\": \".fleet-prev-one\"    },    \"pagination\": {        \"el\": \".fleet-pagination\",        \"clickable\": true,        \"type\": \"\"    },    \"grabCursor\": true,     \"mousewheel\": false,    \"breakpoints\": {        \"2400\": {            \"slidesPerView\": 4        },        \"1366\": {            \"slidesPerView\": 4        },        \"1200\": {            \"slidesPerView\": 2        },        \"1024\": {            \"slidesPerView\": 2        },        \"880\": {            \"slidesPerView\": 2        },        \"767\": {            \"slidesPerView\": 1        }    }}'>  <div class=\"swiper-wrapper\">\n                                                                            <div class=\"swiper-slide\">\n                            <div class=\"fleet_card caro_card position-relative trans one\"> \n                                <a href=\"https:\/\/limousineservicepoland.com\/pl\/ourfleet\/business-class\/\" class=\"trim-2 font-20 color-dark mb_10 d-block\">Biznes Klasa<\/a>                                                                <p class=\"text-14 mb_30\">Mercedes-Benz Klasy E<\/p>\n                                                                                                <a href=\"https:\/\/limousineservicepoland.com\/pl\/ourfleet\/business-class\/\" class=\"image  d-block\"> \n                                    <img decoding=\"async\" width=\"200\" height=\"127\" src=\"https:\/\/limousineservicepoland.com\/wp-content\/uploads\/2024\/04\/e-class_1440x912.jpg\" class=\"trans wp-post-image\" alt=\"\" srcset=\"https:\/\/limousineservicepoland.com\/wp-content\/uploads\/2024\/04\/e-class_1440x912.jpg 1440w, https:\/\/limousineservicepoland.com\/wp-content\/uploads\/2024\/04\/e-class_1440x912-600x380.jpg 600w, https:\/\/limousineservicepoland.com\/wp-content\/uploads\/2024\/04\/e-class_1440x912-300x190.jpg 300w, https:\/\/limousineservicepoland.com\/wp-content\/uploads\/2024\/04\/e-class_1440x912-1024x649.jpg 1024w, https:\/\/limousineservicepoland.com\/wp-content\/uploads\/2024\/04\/e-class_1440x912-768x486.jpg 768w\" sizes=\"(max-width: 200px) 100vw, 200px\" \/>                                <\/a> \n                                                            \t\t\t\t<div class=\"fleet_meta d_flex\">\n\t\t\t\t\t\t\t\t\t\t\t<div class=\"icon_text d_flex\">\n\t\t\t\t\t\t\t\t\t\t\t\t\t\t\t<div class=\"icon trans\">\n\t\t\t\t\t\t\t\t\t<img decoding=\"async\" src=\"https:\/\/luxride.themepanthers.com\/lux\/wp-content\/uploads\/2024\/04\/friend.svg\" class=\"iconimg\" alt=\"Fleet Icon\" \/>\n\t\t\t\t\t\t\t\t<\/div>\n\t\t\t\t\t\t\t\t\t\t\t\t\t\t\t\t\t\t\t\t\t\t<div class=\"text text-14\">Pasa\u017cerowie 3<\/div>\n\t\t\t\t\t\t\t\t\t\t\t\t\t<\/div>\n\t\t\t\t\t\t\t\t\t\t\t<div class=\"icon_text d_flex\">\n\t\t\t\t\t\t\t\t\t\t\t\t\t\t\t<div class=\"icon trans\">\n\t\t\t\t\t\t\t\t\t<img decoding=\"async\" src=\"https:\/\/luxride.themepanthers.com\/lux\/wp-content\/uploads\/2024\/04\/luggage.svg\" class=\"iconimg\" alt=\"Fleet Icon\" \/>\n\t\t\t\t\t\t\t\t<\/div>\n\t\t\t\t\t\t\t\t\t\t\t\t\t\t\t\t\t\t\t\t\t\t<div class=\"text text-14\">Baga\u017c 3<\/div>\n\t\t\t\t\t\t\t\t\t\t\t\t\t<\/div>\n\t\t\t\t\t\n\t\t\t\t\t\t\t\t\t<\/div>\n\t\t\t\t \n                            <\/div>\n                        <\/div>\n                                                                                                                <div class=\"swiper-slide\">\n                            <div class=\"fleet_card caro_card position-relative trans one\"> \n                                <a href=\"https:\/\/limousineservicepoland.com\/pl\/ourfleet\/first-class\/\" class=\"trim-2 font-20 color-dark mb_10 d-block\">Pierwsza Klasa<\/a>                                                                <p class=\"text-14 mb_30\">Mercedes-Benz Klasy S, BMW Serii 7<\/p>\n                                                                                                <a href=\"https:\/\/limousineservicepoland.com\/pl\/ourfleet\/first-class\/\" class=\"image  d-block\"> \n                                    <img decoding=\"async\" width=\"200\" height=\"127\" src=\"https:\/\/limousineservicepoland.com\/wp-content\/uploads\/2024\/04\/s-class_1440x912.jpg\" class=\"trans wp-post-image\" alt=\"\" srcset=\"https:\/\/limousineservicepoland.com\/wp-content\/uploads\/2024\/04\/s-class_1440x912.jpg 1440w, https:\/\/limousineservicepoland.com\/wp-content\/uploads\/2024\/04\/s-class_1440x912-600x380.jpg 600w, https:\/\/limousineservicepoland.com\/wp-content\/uploads\/2024\/04\/s-class_1440x912-300x190.jpg 300w, https:\/\/limousineservicepoland.com\/wp-content\/uploads\/2024\/04\/s-class_1440x912-1024x649.jpg 1024w, https:\/\/limousineservicepoland.com\/wp-content\/uploads\/2024\/04\/s-class_1440x912-768x486.jpg 768w\" sizes=\"(max-width: 200px) 100vw, 200px\" \/>                                <\/a> \n                                                            \t\t\t\t<div class=\"fleet_meta d_flex\">\n\t\t\t\t\t\t\t\t\t\t\t<div class=\"icon_text d_flex\">\n\t\t\t\t\t\t\t\t\t\t\t\t\t\t\t<div class=\"icon trans\">\n\t\t\t\t\t\t\t\t\t<img decoding=\"async\" src=\"https:\/\/luxride.themepanthers.com\/lux2\/wp-content\/uploads\/2024\/04\/friend.svg\" class=\"iconimg\" alt=\"Fleet Icon\" \/>\n\t\t\t\t\t\t\t\t<\/div>\n\t\t\t\t\t\t\t\t\t\t\t\t\t\t\t\t\t\t\t\t\t\t<div class=\"text text-14\">Pasa\u017cerowie 3<\/div>\n\t\t\t\t\t\t\t\t\t\t\t\t\t<\/div>\n\t\t\t\t\t\t\t\t\t\t\t<div class=\"icon_text d_flex\">\n\t\t\t\t\t\t\t\t\t\t\t\t\t\t\t<div class=\"icon trans\">\n\t\t\t\t\t\t\t\t\t<img decoding=\"async\" src=\"https:\/\/luxride.themepanthers.com\/lux2\/wp-content\/uploads\/2024\/04\/luggage.svg\" class=\"iconimg\" alt=\"Fleet Icon\" \/>\n\t\t\t\t\t\t\t\t<\/div>\n\t\t\t\t\t\t\t\t\t\t\t\t\t\t\t\t\t\t\t\t\t\t<div class=\"text text-14\">Baga\u017c 3<\/div>\n\t\t\t\t\t\t\t\t\t\t\t\t\t<\/div>\n\t\t\t\t\t\n\t\t\t\t\t\t\t\t\t<\/div>\n\t\t\t\t \n                            <\/div>\n                        <\/div>\n                                                                                                                <div class=\"swiper-slide\">\n                            <div class=\"fleet_card caro_card position-relative trans one\"> \n                                <a href=\"https:\/\/limousineservicepoland.com\/pl\/ourfleet\/business-van\/\" class=\"trim-2 font-20 color-dark mb_10 d-block\">Pierwsza Klasa Van<\/a>                                                                <p class=\"text-14 mb_30\">Mercedes-Benz Klasy V<\/p>\n                                                                                                <a href=\"https:\/\/limousineservicepoland.com\/pl\/ourfleet\/business-van\/\" class=\"image  d-block\"> \n                                    <img decoding=\"async\" width=\"200\" height=\"127\" src=\"https:\/\/limousineservicepoland.com\/wp-content\/uploads\/2024\/04\/v-class_1440x912-2.jpg\" class=\"trans wp-post-image\" alt=\"\" srcset=\"https:\/\/limousineservicepoland.com\/wp-content\/uploads\/2024\/04\/v-class_1440x912-2.jpg 1440w, https:\/\/limousineservicepoland.com\/wp-content\/uploads\/2024\/04\/v-class_1440x912-2-600x380.jpg 600w, https:\/\/limousineservicepoland.com\/wp-content\/uploads\/2024\/04\/v-class_1440x912-2-300x190.jpg 300w, https:\/\/limousineservicepoland.com\/wp-content\/uploads\/2024\/04\/v-class_1440x912-2-1024x649.jpg 1024w, https:\/\/limousineservicepoland.com\/wp-content\/uploads\/2024\/04\/v-class_1440x912-2-768x486.jpg 768w\" sizes=\"(max-width: 200px) 100vw, 200px\" \/>                                <\/a> \n                                                            \t\t\t\t<div class=\"fleet_meta d_flex\">\n\t\t\t\t\t\t\t\t\t\t\t<div class=\"icon_text d_flex\">\n\t\t\t\t\t\t\t\t\t\t\t\t\t\t\t<div class=\"icon trans\">\n\t\t\t\t\t\t\t\t\t<img decoding=\"async\" src=\"https:\/\/luxride.themepanthers.com\/lux\/wp-content\/uploads\/2024\/04\/friend.svg\" class=\"iconimg\" alt=\"Fleet Icon\" \/>\n\t\t\t\t\t\t\t\t<\/div>\n\t\t\t\t\t\t\t\t\t\t\t\t\t\t\t\t\t\t\t\t\t\t<div class=\"text text-14\">Pasa\u017cerowie 7<\/div>\n\t\t\t\t\t\t\t\t\t\t\t\t\t<\/div>\n\t\t\t\t\t\t\t\t\t\t\t<div class=\"icon_text d_flex\">\n\t\t\t\t\t\t\t\t\t\t\t\t\t\t\t<div class=\"icon trans\">\n\t\t\t\t\t\t\t\t\t<img decoding=\"async\" src=\"https:\/\/luxride.themepanthers.com\/lux\/wp-content\/uploads\/2024\/04\/luggage.svg\" class=\"iconimg\" alt=\"Fleet Icon\" \/>\n\t\t\t\t\t\t\t\t<\/div>\n\t\t\t\t\t\t\t\t\t\t\t\t\t\t\t\t\t\t\t\t\t\t<div class=\"text text-14\">Baga\u017c 7<\/div>\n\t\t\t\t\t\t\t\t\t\t\t\t\t<\/div>\n\t\t\t\t\t\n\t\t\t\t\t\t\t\t\t<\/div>\n\t\t\t\t \n                            <\/div>\n                        <\/div>\n                                                                                                                <div class=\"swiper-slide\">\n                            <div class=\"fleet_card caro_card position-relative trans one\"> \n                                <a href=\"https:\/\/limousineservicepoland.com\/pl\/ourfleet\/business-van-2\/\" class=\"trim-2 font-20 color-dark mb_10 d-block\">Biznes Klasa Van<\/a>                                                                <p class=\"text-14 mb_30\">Mercedes-Benz Vito<\/p>\n                                                                                                <a href=\"https:\/\/limousineservicepoland.com\/pl\/ourfleet\/business-van-2\/\" class=\"image  d-block\"> \n                                    <img loading=\"lazy\" decoding=\"async\" width=\"200\" height=\"133\" src=\"https:\/\/limousineservicepoland.com\/wp-content\/uploads\/2026\/02\/vito-silver-e1771179358175.png\" class=\"trans wp-post-image\" alt=\"\" \/>                                <\/a> \n                                                            \t\t\t\t<div class=\"fleet_meta d_flex\">\n\t\t\t\t\t\t\t\t\t\t\t<div class=\"icon_text d_flex\">\n\t\t\t\t\t\t\t\t\t\t\t\t\t\t\t<div class=\"icon trans\">\n\t\t\t\t\t\t\t\t\t<img decoding=\"async\" src=\"https:\/\/luxride.themepanthers.com\/lux\/wp-content\/uploads\/2024\/04\/friend.svg\" class=\"iconimg\" alt=\"Fleet Icon\" \/>\n\t\t\t\t\t\t\t\t<\/div>\n\t\t\t\t\t\t\t\t\t\t\t\t\t\t\t\t\t\t\t\t\t\t<div class=\"text text-14\">Pasa\u017cerowie 7<\/div>\n\t\t\t\t\t\t\t\t\t\t\t\t\t<\/div>\n\t\t\t\t\t\t\t\t\t\t\t<div class=\"icon_text d_flex\">\n\t\t\t\t\t\t\t\t\t\t\t\t\t\t\t<div class=\"icon trans\">\n\t\t\t\t\t\t\t\t\t<img decoding=\"async\" src=\"https:\/\/luxride.themepanthers.com\/lux\/wp-content\/uploads\/2024\/04\/luggage.svg\" class=\"iconimg\" alt=\"Fleet Icon\" \/>\n\t\t\t\t\t\t\t\t<\/div>\n\t\t\t\t\t\t\t\t\t\t\t\t\t\t\t\t\t\t\t\t\t\t<div class=\"text text-14\">Baga\u017c 7<\/div>\n\t\t\t\t\t\t\t\t\t\t\t\t\t<\/div>\n\t\t\t\t\t\n\t\t\t\t\t\t\t\t\t<\/div>\n\t\t\t\t \n                            <\/div>\n                        <\/div>\n                                                                                                                <div class=\"swiper-slide\">\n                            <div class=\"fleet_card caro_card position-relative trans one\"> \n                                <a href=\"https:\/\/limousineservicepoland.com\/pl\/ourfleet\/bus-class\/\" class=\"trim-2 font-20 color-dark mb_10 d-block\">Autobus<\/a>                                                                <p class=\"text-14 mb_30\">Autobus<\/p>\n                                                                                                <a href=\"https:\/\/limousineservicepoland.com\/pl\/ourfleet\/bus-class\/\" class=\"image  d-block\"> \n                                    <img loading=\"lazy\" decoding=\"async\" width=\"200\" height=\"133\" src=\"https:\/\/limousineservicepoland.com\/wp-content\/uploads\/2026\/02\/ChatGPT-Image-15-lut-2026-19_26_19-e1771180068230.png\" class=\"trans wp-post-image\" alt=\"\" srcset=\"https:\/\/limousineservicepoland.com\/wp-content\/uploads\/2026\/02\/ChatGPT-Image-15-lut-2026-19_26_19-e1771180068230.png 1440w, https:\/\/limousineservicepoland.com\/wp-content\/uploads\/2026\/02\/ChatGPT-Image-15-lut-2026-19_26_19-e1771180068230-300x200.png 300w, https:\/\/limousineservicepoland.com\/wp-content\/uploads\/2026\/02\/ChatGPT-Image-15-lut-2026-19_26_19-e1771180068230-1024x683.png 1024w, https:\/\/limousineservicepoland.com\/wp-content\/uploads\/2026\/02\/ChatGPT-Image-15-lut-2026-19_26_19-e1771180068230-768x512.png 768w\" sizes=\"(max-width: 200px) 100vw, 200px\" \/>                                <\/a> \n                                                            \t\t\t\t<div class=\"fleet_meta d_flex\">\n\t\t\t\t\t\t\t\t\t\t\t<div class=\"icon_text d_flex\">\n\t\t\t\t\t\t\t\t\t\t\t\t\t\t\t<div class=\"icon trans\">\n\t\t\t\t\t\t\t\t\t<img decoding=\"async\" src=\"https:\/\/luxride.themepanthers.com\/lux\/wp-content\/uploads\/2024\/04\/friend.svg\" class=\"iconimg\" alt=\"Fleet Icon\" \/>\n\t\t\t\t\t\t\t\t<\/div>\n\t\t\t\t\t\t\t\t\t\t\t\t\t\t\t\t\t\t\t\t\t\t<div class=\"text text-14\">Pasa\u017cerowie 20<\/div>\n\t\t\t\t\t\t\t\t\t\t\t\t\t<\/div>\n\t\t\t\t\t\t\t\t\t\t\t<div class=\"icon_text d_flex\">\n\t\t\t\t\t\t\t\t\t\t\t\t\t\t\t<div class=\"icon trans\">\n\t\t\t\t\t\t\t\t\t<img decoding=\"async\" src=\"https:\/\/luxride.themepanthers.com\/lux\/wp-content\/uploads\/2024\/04\/luggage.svg\" class=\"iconimg\" alt=\"Fleet Icon\" \/>\n\t\t\t\t\t\t\t\t<\/div>\n\t\t\t\t\t\t\t\t\t\t\t\t\t\t\t\t\t\t\t\t\t\t<div class=\"text text-14\">Baga\u017c 20<\/div>\n\t\t\t\t\t\t\t\t\t\t\t\t\t<\/div>\n\t\t\t\t\t\n\t\t\t\t\t\t\t\t\t<\/div>\n\t\t\t\t \n                            <\/div>\n                        <\/div>\n                                                                                          \n                            <\/div>\n        <\/div>\n          \n\n          \n        \n                    <div class=\"arrow_fleet common_arrow post_default\"> \n                <div class=\"fleet-prev-one prev trans\"><i class=\"fi-rr-arrow-small-left\"><\/i><\/div>\n                <div class=\"fleet-next-one next trans\"><i class=\"fi-rr-arrow-small-right\"><\/i><\/div>\n            <\/div>\n          \n          \n         \n    <\/div>\n \n\t\t\t\t<\/div>\n\t\t\t\t<\/div>\n\t\t\t\t\t<\/div>\n\t\t\t\t<\/div>\n\t\t\t\t<\/div>\n\t\t\t\t<\/div>","protected":false},"excerpt":{"rendered":"<p>Where Would You Like To Go? Your Personal Chauffeur Services Where Would You Like To Go? Ensure high comfort while traveling Where Would You Like To Go? Business Transfer Professional and Discreet Our Fleet Business Class Mercedes-Benz E-Class Passengers 3 Luggage 3 First Class Mercedes-Benz S-Class, BMW 7 Series Passengers 3 Luggage 3 First class [&hellip;]<\/p>\n","protected":false},"author":1,"featured_media":0,"parent":0,"menu_order":0,"comment_status":"closed","ping_status":"closed","template":"template-homepage.php","meta":{"pagelayer_contact_templates":[],"_pagelayer_content":"","footnotes":""},"class_list":["post-75","page","type-page","status-publish","hentry"],"_links":{"self":[{"href":"https:\/\/limousineservicepoland.com\/pl\/wp-json\/wp\/v2\/pages\/75","targetHints":{"allow":["GET"]}}],"collection":[{"href":"https:\/\/limousineservicepoland.com\/pl\/wp-json\/wp\/v2\/pages"}],"about":[{"href":"https:\/\/limousineservicepoland.com\/pl\/wp-json\/wp\/v2\/types\/page"}],"author":[{"embeddable":true,"href":"https:\/\/limousineservicepoland.com\/pl\/wp-json\/wp\/v2\/users\/1"}],"replies":[{"embeddable":true,"href":"https:\/\/limousineservicepoland.com\/pl\/wp-json\/wp\/v2\/comments?post=75"}],"version-history":[{"count":76,"href":"https:\/\/limousineservicepoland.com\/pl\/wp-json\/wp\/v2\/pages\/75\/revisions"}],"predecessor-version":[{"id":24130,"href":"https:\/\/limousineservicepoland.com\/pl\/wp-json\/wp\/v2\/pages\/75\/revisions\/24130"}],"wp:attachment":[{"href":"https:\/\/limousineservicepoland.com\/pl\/wp-json\/wp\/v2\/media?parent=75"}],"curies":[{"name":"wp","href":"https:\/\/api.w.org\/{rel}","templated":true}]}}