{"id":3,"date":"2025-08-27T07:52:05","date_gmt":"2025-08-27T07:52:05","guid":{"rendered":"https:\/\/limousineservicepoland.com\/?page_id=3"},"modified":"2025-08-30T12:29:47","modified_gmt":"2025-08-30T10:29:47","slug":"privacy-policy","status":"publish","type":"page","link":"https:\/\/limousineservicepoland.com\/pl\/privacy-policy\/","title":{"rendered":"Term &amp; Privacy Policy"},"content":{"rendered":"<h1 class=\"wp-block-heading\">Regulamin<\/h1>\n\n\n\n<p>Regulamin i polityka prywatno\u015bci firmy: Fast Transfer Sp. z o.o.<\/p>\n\n\n\n<p>Administratorem danych osobowych fasttransfer.eu, limousine-service.pl jest firma Fast Transfer Sp. z o.o., z siedzib\u0105 w Poznaniu, przy ul. Karpia 29D\/8, 61-619 Pozna\u0144 wpisana do KRS, identyfikuj\u0105ca si\u0119 numerami NIP: 9721307288, REGON:385772106, zwana w dalszej cz\u0119\u015bci dokumentu Fast Transfer.<\/p>\n\n\n\n<p>Dane osobowe os\u00f3b fizycznych s\u0105 przetwarzane zgodnie z rozporz\u0105dzeniem Parlamentu Europejskiego i Radu UE 2016\/679 z dnia 27 kwietnia 2016 r w sprawie ochrony os\u00f3b fizycznych w zwi\u0105zku z przetwarzaniem danych osobowych i w sprawie swobodnego przep\u0142ywu takich danych osobowych, zwanym tak\u017ce RODO (Rozporz\u0105dzenie Og\u00f3lne UE o Ochronie Danych Osobowych), kt\u00f3re 25 maja 2018 r. rozpocznie obowi\u0105zywanie bezpo\u015brednio w krajowych porz\u0105dkach prawnych.<\/p>\n\n\n\n<p>P\u0142atno\u015bci<\/p>\n\n\n\n<p>P\u0142atno\u015bci<\/p>\n\n\n\n<p>Dane Pa\u0144stwa karty kredytowych s\u0105 przetwarzane tylko i wy\u0142\u0105cznie przez dostawc\u0119 p\u0142atno\u015bci online regulamin na stronie operatora www.stripe.com, www.sumup.com.<\/p>\n\n\n\n<p>Cena rezerwacji zawiera: ubezpieczenie pasa\u017cera, szofera , wod\u0119, wypo\u017cyczenie samochodu i paliwo, op\u0142at za transakcje kart\u0105 p\u0142atnicz\u0105 (3%) op\u0142aty parkingowe, lotniskowe op\u0142aty parkingowe, op\u0142aty autostradowe.<\/p>\n\n\n\n<p>Cena nie zawiera: wej\u015bci\u00f3wek, zakwaterowania i wy\u017cywienia kierowcy poza granicami Poznania, .<\/p>\n\n\n\n<p>Cena podana w ofercie jest ostateczn\u0105 cen\u0105 bazuj\u0105c\u0105 na informacjach dostarczonych w momencie rezerwacji i nie zwi\u0119kszy si\u0119 o dodatkowe nieprzewidziane koszty, chyba \u017ce nast\u0105pi zmiana trasy lub podj\u0119te zostan\u0105 dodatkowe podr\u00f3\u017ce na wyra\u017an\u0105 pro\u015bb\u0119 i za Pa\u0144stwa zgod\u0105. Zmiany nale\u017cy zg\u0142osi\u0107 poczt\u0105 elektroniczn\u0105: biuro@limousineservicepoland.com , op\u0142at\u0119 wyr\u00f3wnuj\u0105c\u0105 mog\u0105 pa\u0144stwo ui\u015bci\u0107 bezpo\u015brednio u kierowcy.<\/p>\n\n\n\n<p>Podaj\u0105c sw\u00f3j adres e-mail wyra\u017caj\u0105 Pa\u0144stwo zgod\u0119, aby otrzymywa\u0107 wiadomo\u015bci e-mail od Fast Transfer . Pa\u0144stwa adres e-mail nie zostanie nigdy przekazany innym podmiotom.<\/p>\n\n\n\n<p>Dane osobowe s\u0105 chronione i przetwarzane zgodnie z wymogami wynikaj\u0105cymi z ustawy z dnia 29 sierpnia 1997 r. o ochronie danych osobowych (Dz. U. 2014 r. poz. 1182).<\/p>\n\n\n\n<p>Rezygnacja i zwroty<\/p>\n\n\n\n<p>Rezerwacja jest p\u0142atna w momencie zam\u00f3wienia w 100% . Jednak\u017ce, je\u015bli anuluj\u0105 Pa\u0144stwo rezerwacj\u0119 na 24 godzinny przed przyjazdem op\u0142ata zostanie zwr\u00f3cona pomniejszona o prowizj\u0119 i koszty zwrotu wed\u0142ug stawki operatora p\u0142atno\u015bci. W przypadku niepojawienia si\u0119 klienta w uzgodnionym miejscu, lub anulacji w czasie poni\u017cej 24 godzin przed planowanym przyjazdem kwota w 100% nie podlega zwrotowi. Je\u015bli chc\u0105 Pa\u0144stwo anulowa\u0107 rezerwacj\u0119, prosimy o kontakt pod adresem: biuro@limousineservicepoland.com<\/p>\n\n\n\n<p>Je\u015bli klient nie pojawi si\u0119 o czasie lub w miejscu uzgodnionym jako punkt odbioru, wszystkie wniesione op\u0142aty nie b\u0119d\u0105 podlega\u0107 zwrotowi.<\/p>\n\n\n\n<p>Warunki \u015bwiadczenia us\u0142ugi<\/p>\n\n\n\n<p>Fast Transfer wymaga minimum 24 godzinnego wyprzedzenia w przypadku rezerwacji online w zwyk\u0142ych godzinach pracy.<\/p>\n\n\n\n<p>Je\u015bli chc\u0105 Pa\u0144stwo zarezerwowa\u0107 samoch\u00f3d z wyprzedzeniem mniejszym ni\u017c 24 godzin, prosimy o telefon: +48 794953104<\/p>\n\n\n\n<p>Dok\u0142adamy wszelkich stara\u0144, aby zapewni\u0107 punktualno\u015b\u0107 naszych kierowc\u00f3w, jednak rozumiej\u0105 Pa\u0144stwo, \u017ce nie mo\u017cemy wzi\u0105\u0107 na siebie odpowiedzialno\u015bci za op\u00f3\u017anienia wynikaj\u0105ce z przyczyn poza nasz\u0105 kontrol\u0105.<\/p>\n\n\n\n<p>Kierowca b\u0119dzie prowadzi\u0107 samoch\u00f3d z bezpieczn\u0105 i rozs\u0105dn\u0105 pr\u0119dko\u015bci\u0105, dostosowan\u0105 do warunk\u00f3w na drodze, ruchu oraz obowi\u0105zuj\u0105cych przepis\u00f3w.<\/p>\n\n\n\n<p>Klient jest odpowiedzialny za wszelkie szkody wyrz\u0105dzone przez niego we wn\u0119trzu lub na zewn\u0105trz wynaj\u0119tego pojazdu i zostanie obci\u0105\u017cony stosownymi kosztami za wszelkie naprawy niezb\u0119dne do przywr\u00f3cenia pojazdu do pe\u0142nej sprawno\u015bci.<\/p>\n\n\n\n<p>W niekt\u00f3rych przypadkach mo\u017cemy korzysta\u0107 z podnaj\u0119tych pojazd\u00f3w.<\/p>\n\n\n\n<p>Je\u015bli wyst\u0105pi\u0105 jakiekolwiek zmiany lub odst\u0119pstwa skutkuj\u0105ce wyd\u0142u\u017ceniem trasy podr\u00f3\u017cy, inne ni\u017c uzgodnione w momencie rezerwacji, klient b\u0119dzie obci\u0105\u017cony dodatkowymi kosztami zgodnie z cennikiem na naszej stronie internetowej.<\/p>\n\n\n\n<p>W razie konieczno\u015bci, zastrzegamy prawo do zmiany pojazdu lub kierowcy w ka\u017cdym momencie.<\/p>\n\n\n\n<p>Nasi kierowcy b\u0119d\u0105 jecha\u0107 najbardziej stosown\u0105 tras\u0105 danego dnia, chyba \u017ce klient przeka\u017ce inne instrukcje w momencie rezerwacji.<\/p>\n\n\n\n<p>Pojazdy Fast Transfer oraz podwykonawc\u00f3w s\u0105 w pe\u0142ni ubezpieczone w zakresie ubezpieczenia pasa\u017cer\u00f3w oraz odpowiedzialno\u015bci cywilnej. Jednak\u017ce, wszelka w\u0142asno\u015b\u0107 klienta jest przewo\u017cona wy\u0142\u0105cznie na jego w\u0142asne ryzyko i Fast Transfer nie ponosi odpowiedzialno\u015bci za jak\u0105kolwiek utrat\u0119 lub uszkodzenie tej w\u0142asno\u015bci.<\/p>\n\n\n\n<p>Fast Transfer oraz nasi kierowcy maj\u0105 prawo odm\u00f3wi\u0107 przewozu pasa\u017cer\u00f3w, kt\u00f3rzy znajduj\u0105 si\u0119 pod wp\u0142ywem alkoholu lub narkotyk\u00f3w lub kt\u00f3rych zachowanie stanowi zagro\u017cenie dla kierowcy, pojazdu lub innych pasa\u017cer\u00f3w.<\/p>\n\n\n\n<p>We wszystkich pojazdach obowi\u0105zuje ca\u0142kowity zakaz palenia.<\/p>\n\n\n\n<p>\u017badne z postanowie\u0144 niniejszego Regulaminu nie wp\u0142ywa na prawa klienta wynikaj\u0105ce z obowi\u0105zuj\u0105cych przepis\u00f3w.<\/p>\n\n\n\n<p>Odwiedzaj\u0105cy stron\u0119<\/p>\n\n\n\n<p>Podobnie jak wi\u0119kszo\u015b\u0107 operator\u00f3w stron internetowych, Fast Transfer gromadzi informacje, kt\u00f3re nie s\u0105 personalnie identyfikuj\u0105ce, takie jak: typ przegl\u0105darki, preferencje j\u0119zykowe, strona odsy\u0142aj\u0105ca oraz data i czas ka\u017cdego \u017c\u0105dania odwiedzaj\u0105cego. Celem zbierania danych nieosobowych jest lepsze zrozumienie tego, w jaki spos\u00f3b u\u017cytkownicy Internetu korzystaj\u0105 ze stron internetowych, oraz prowadzenia zbiorczej statystyki odwiedzin w\u0142asnych stron internetowych.<\/p>\n\n\n\n<p>Fast Transfer gromadzi r\u00f3wnie\u017c potencjalnie osobi\u015bcie identyfikuj\u0105ce informacje, takie jak adresy IP. Fast Transfer nie wykorzystuje jednak takich informacji w celu identyfikacji u\u017cytkownik\u00f3w i nie ujawnia takich informacji, z wyj\u0105tkiem okoliczno\u015bci wymaganych prawem.<\/p>\n\n\n\n<p>Gromadzenie danych osobowych<\/p>\n\n\n\n<p>Niekt\u00f3rzy odwiedzaj\u0105cy witryny Fast Transfer decyduj\u0105 si\u0119 na interakcj\u0119 (wype\u0142nienie formularza), kt\u00f3ra wymaga od Fast Transfer zbierania danych osobowych w celu przetworzenia rezerwacji. W ka\u017cdym przypadku Fast Transfer zbiera takie informacje tylko w takim zakresie, w jakim jest to konieczne lub w\u0142a\u015bciwe, aby spe\u0142ni\u0107 cel interakcji u\u017cytkownika Fast Transfer. Fast Transfer nie ujawnia informacji umo\u017cliwiaj\u0105cych identyfikacj\u0119 os\u00f3b innych ni\u017c opisane poni\u017cej. Odwiedzaj\u0105cy mog\u0105 zawsze odm\u00f3wi\u0107 dostarczenia informacji umo\u017cliwiaj\u0105cych identyfikacj\u0119 osoby, z zastrze\u017ceniem, \u017ce mo\u017ce to uniemo\u017cliwi\u0107 im anga\u017cowanie si\u0119 w pewne czynno\u015bci zwi\u0105zane z witryn\u0105.<\/p>\n\n\n\n<p>Ochrona niekt\u00f3rych danych osobowych<\/p>\n\n\n\n<p>Fast Transfer ujawnia informacje umo\u017cliwiaj\u0105ce identyfikacj\u0119 osobist\u0105 i identyfikuj\u0105ce osob\u0119 tylko tym pracownikom i kontrahentom, kt\u00f3re musz\u0105 zna\u0107 te informacje, aby m\u00f3c je przetwarza\u0107 w imieniu Fast Transfer lub \u015bwiadczy\u0107 us\u0142ugi dost\u0119pne na stronach Fast Transfer, kt\u00f3re zgodzi\u0142y si\u0119 nie ujawnia\u0107 informacji osobom trzecim. Niekt\u00f3rzy z kontrahent\u00f3w, mog\u0105 znajdowa\u0107 si\u0119 poza Polsk\u0105, na terenie Unii Europejskiej, w kt\u00f3rej od 25 maja 2018 r. obowi\u0105zuj\u0105 jednolite zasady ochrony danych osobowych. Korzystaj\u0105c ze strony Fast Transfer, wyra\u017casz zgod\u0119 na przekazywanie im takich informacji. Fast Transfer nie wynajmuje ani nie sprzedaje nikomu potencjalnie personalnych informacji identyfikuj\u0105cych i identyfikuj\u0105cych osoby. Poza pracownikami i kontrahentami jak opisano powy\u017cej, Fast Transfer ujawnia informacje umo\u017cliwiaj\u0105ce identyfikacj\u0119 osobist\u0105 i identyfikuj\u0105ce osob\u0119 tylko wtedy, gdy jest to wymagane przez prawo.<\/p>\n\n\n\n<p>Ciasteczka (ang. cookies)<\/p>\n\n\n\n<p>Plik cookie to ci\u0105g informacji przechowywanych przez witryn\u0119 na komputerze odwiedzaj\u0105cego i przegl\u0105darka odwiedzaj\u0105cego udost\u0119pnia informacj\u0119 za ka\u017cdym razem, gdy u\u017cytkownik wraca na stron\u0119 internetow\u0105. Rama wykorzystuje pliki cookie, aby pom\u00f3c zidentyfikowa\u0107 i \u015bledzi\u0107 odwiedzaj\u0105cych oraz oceni\u0107 wykorzystanie czy preferencje dost\u0119pu do strony. Odwiedzaj\u0105cy witryny Rama, kt\u00f3rzy nie chc\u0105 umieszcza\u0107 plik\u00f3w cookie na swoich komputerach, powinni ustawi\u0107 swoje przegl\u0105darki tak, aby odrzuca\u0142y pliki cookie przed korzystaniem ze stron internetowych Fast Transfer, z zastrze\u017ceniem, \u017ce niekt\u00f3re funkcje stron internetowych Fast Transfer, mog\u0105 nie dzia\u0142a\u0107 poprawnie bez pomocy plik\u00f3w cookie.<\/p>\n\n\n\n<p>Fast Transfer nie przechowuje \u017cadnych wra\u017cliwych danych osobowych. Dane osobowe b\u0119d\u0105 przechowywane przez okres nie d\u0142u\u017cszy ni\u017c jest to konieczne do realizacji celu ich przetwarzania i mog\u0105 by\u0107 usuni\u0119te na ka\u017cde \u017c\u0105danie U\u017cytkownika, kt\u00f3ry ma prawo do:<\/p>\n\n\n\n<p>\u2013 poprawiania, uzupe\u0142niania, uaktualnienia b\u0105d\u017a sprostowania swoich danych osobowych,<\/p>\n\n\n\n<p>\u2013 zg\u0142oszenia sprzeciwu w zakresie przetwarzana swoich danych osobowych,<\/p>\n\n\n\n<p>\u2013 \u017c\u0105dania usuni\u0119cia swoich danych osobowych \u2013 prawo do bycia zapomnianym.<\/p>\n\n\n\n<p>W tym celu prosimy o kontakt mailowy na adres biuro@limousineservicepoland.com<\/p>\n\n\n\n<p>Sprzedaj\u0105cy wykorzystuje adresy IP zbierane w trakcie po\u0142\u0105cze\u0144 internetowych w celach technicznych, zwi\u0105zanych z administracj\u0105 serwisu internetowego Fast Transfer Ponadto adresy IP s\u0142u\u017c\u0105 do zbierania og\u00f3lnych informacji statystycznych. Sprzedaj\u0105cy stosuje pliki \u201ecookies\u201d. Informacje zbierane przy pomocy plik\u00f3w \u201ecookies\u201d pozwalaj\u0105 dostosowywa\u0107 us\u0142ugi i tre\u015bci do indywidualnych potrzeb i preferencji Kupuj\u0105cych, jak r\u00f3wnie\u017c s\u0142u\u017c\u0105 do opracowywania og\u00f3lnych statystyk dotycz\u0105cych korzystania ze stron internetowych Fast Transfer. Wy\u0142\u0105czenie w przegl\u0105darce internetowej opcji pozwalaj\u0105cej na zapisywanie plik\u00f3w \u201ecookies\u201d zasadniczo nie uniemo\u017cliwia korzystania ze stron internetowych Fast Transfer.<\/p>\n\n\n\n<p>Fast Transfer zobowi\u0105zuje si\u0119 zapewni\u0107 zachowanie w tajemnicy przetwarzanych danych osobowych. Po zako\u0144czeniu \u015bwiadczenia us\u0142ug zwi\u0105zanych z przetwarzaniem danych usuwa wszelkie ich istniej\u0105ce kopie, chyba \u017ce prawo Unii Europejskiej lub prawo polskie nakazuj\u0105 przechowywanie danych osobowych.<\/p>","protected":false},"excerpt":{"rendered":"<p>Regulamin Regulamin i polityka prywatno\u015bci firmy: Fast Transfer Sp. z o.o. Administratorem danych osobowych fasttransfer.eu, limousine-service.pl jest firma Fast Transfer Sp. z o.o., z siedzib\u0105 w Poznaniu, przy ul. Karpia 29D\/8, 61-619 Pozna\u0144 wpisana do KRS, identyfikuj\u0105ca si\u0119 numerami NIP: 9721307288, REGON:385772106, zwana w dalszej cz\u0119\u015bci dokumentu Fast Transfer. Dane osobowe os\u00f3b fizycznych s\u0105 przetwarzane [&hellip;]<\/p>\n","protected":false},"author":1,"featured_media":0,"parent":0,"menu_order":0,"comment_status":"closed","ping_status":"open","template":"template-homepage.php","meta":{"pagelayer_contact_templates":[],"_pagelayer_content":"","footnotes":""},"class_list":["post-3","page","type-page","status-publish","hentry"],"_links":{"self":[{"href":"https:\/\/limousineservicepoland.com\/pl\/wp-json\/wp\/v2\/pages\/3","targetHints":{"allow":["GET"]}}],"collection":[{"href":"https:\/\/limousineservicepoland.com\/pl\/wp-json\/wp\/v2\/pages"}],"about":[{"href":"https:\/\/limousineservicepoland.com\/pl\/wp-json\/wp\/v2\/types\/page"}],"author":[{"embeddable":true,"href":"https:\/\/limousineservicepoland.com\/pl\/wp-json\/wp\/v2\/users\/1"}],"replies":[{"embeddable":true,"href":"https:\/\/limousineservicepoland.com\/pl\/wp-json\/wp\/v2\/comments?post=3"}],"version-history":[{"count":1,"href":"https:\/\/limousineservicepoland.com\/pl\/wp-json\/wp\/v2\/pages\/3\/revisions"}],"predecessor-version":[{"id":9296,"href":"https:\/\/limousineservicepoland.com\/pl\/wp-json\/wp\/v2\/pages\/3\/revisions\/9296"}],"wp:attachment":[{"href":"https:\/\/limousineservicepoland.com\/pl\/wp-json\/wp\/v2\/media?parent=3"}],"curies":[{"name":"wp","href":"https:\/\/api.w.org\/{rel}","templated":true}]}}