{"id":217,"date":"2025-08-30T10:26:56","date_gmt":"2025-08-30T08:26:56","guid":{"rendered":"https:\/\/luxride.themepanthers.com\/lux2\/?page_id=217"},"modified":"2026-02-20T15:49:09","modified_gmt":"2026-02-20T14:49:09","slug":"about-us","status":"publish","type":"page","link":"https:\/\/limousineservicepoland.com\/pl\/about-us\/","title":{"rendered":"O nas"},"content":{"rendered":"<div data-elementor-type=\"wp-page\" data-elementor-id=\"217\" class=\"elementor elementor-217\">\n\t\t\t\t<div class=\"elementor-element elementor-element-8f226c2 e-con-full e-flex e-con e-parent\" data-id=\"8f226c2\" data-element_type=\"container\" data-e-type=\"container\" data-settings=\"{&quot;background_background&quot;:&quot;classic&quot;}\">\n\t\t<div class=\"elementor-element elementor-element-03c9a9a e-con-full elementor-hidden-tablet elementor-hidden-mobile_extra elementor-hidden-mobile e-flex e-con e-child\" data-id=\"03c9a9a\" data-element_type=\"container\" data-e-type=\"container\">\n\t\t\t\t<\/div>\n\t\t<div class=\"elementor-element elementor-element-47c1c54 e-con-full e-flex e-con e-child\" data-id=\"47c1c54\" data-element_type=\"container\" data-e-type=\"container\" data-settings=\"{&quot;background_background&quot;:&quot;gradient&quot;}\">\n\t\t\t\t<div class=\"elementor-element elementor-element-f3e8118 elementor-widget elementor-widget-luxride-title-v1\" data-id=\"f3e8118\" data-element_type=\"widget\" data-e-type=\"widget\" data-widget_type=\"luxride-title-v1.default\">\n\t\t\t\t<div class=\"elementor-widget-container\">\n\t\t\t\t\t \r\n<div class=\"title_all_box style_one dark_color\">\r\n                <h2 class=\"font-44 mb_15\">O nas\n<\/h2>\r\n        <\/div>\r\n\t\t\t\t<\/div>\n\t\t\t\t<\/div>\n\t\t\t\t<div class=\"elementor-element elementor-element-4ab18fe elementor-invisible elementor-widget elementor-widget-luxride-title-v1\" data-id=\"4ab18fe\" data-element_type=\"widget\" data-e-type=\"widget\" data-settings=\"{&quot;_animation&quot;:&quot;fadeInUp&quot;}\" data-widget_type=\"luxride-title-v1.default\">\n\t\t\t\t<div class=\"elementor-widget-container\">\n\t\t\t\t\t \r\n<div class=\"title_all_box style_one dark_color\">\r\n                <h2 class=\"font-44 mb_15\">Wyobra\u017camy sobie na nowo spos\u00f3b, w jaki \u015bwiat si\u0119 porusza, na lepsze\n<\/h2>\r\n                <p class=\"text-16 color-dark mb_0\">Oferujemy luksusowy transfer lotniskowy z kierowc\u0105. Wyj\u0105tkowe bezpiecze\u0144stwo, Meet and Greet. Godzina bezp\u0142atnego oczekiwania i \u015bledzenie lotu.<\/p>\r\n    <\/div>\r\n\t\t\t\t<\/div>\n\t\t\t\t<\/div>\n\t\t\t\t<div class=\"elementor-element elementor-element-8d77052 elementor-invisible elementor-widget elementor-widget-luxride-list-v1\" data-id=\"8d77052\" data-element_type=\"widget\" data-e-type=\"widget\" data-settings=\"{&quot;_animation&quot;:&quot;fadeInUp&quot;}\" data-widget_type=\"luxride-list-v1.default\">\n\t\t\t\t<div class=\"elementor-widget-container\">\n\t\t\t\t\t  \n<ul class=\"list_items_box ul_icons dark_color list_type\">\n                        <li class=\"list_items trans icons\">\n                <div class=\"l_box d_flex align-items-center\">\n                                            <div class=\"icon_box\">\n                                                                                                                                                        <svg aria-hidden=\"false\" class=\"e-font-icon-svg e-fas-arrow-alt-circle-right\" viewbox=\"0 0 512 512\" xmlns=\"http:\/\/www.w3.org\/2000\/svg\"><path d=\"M256 8c137 0 248 111 248 248S393 504 256 504 8 393 8 256 119 8 256 8zM140 300h116v70.9c0 10.7 13 16.1 20.5 8.5l114.3-114.9c4.7-4.7 4.7-12.2 0-16.9l-114.3-115c-7.6-7.6-20.5-2.2-20.5 8.5V212H140c-6.6 0-12 5.4-12 12v64c0 6.6 5.4 12 12 12z\"><\/path><\/svg>                                                                                    <\/div>\n                                                                 \n                                <a class=\"d-block font-18 mb_0\" href=\"#\"  target=\"&quot;_blank&quot;\"  rel=\"&quot;nofollow&quot;\">100% Luksusowa flota<\/a>\n                       \n                                                            <\/div>\n                            <\/li>\n                    <li class=\"list_items trans icons\">\n                <div class=\"l_box d_flex align-items-center\">\n                                            <div class=\"icon_box\">\n                                                                                                                                                        <svg aria-hidden=\"false\" class=\"e-font-icon-svg e-fas-arrow-alt-circle-right\" viewbox=\"0 0 512 512\" xmlns=\"http:\/\/www.w3.org\/2000\/svg\"><path d=\"M256 8c137 0 248 111 248 248S393 504 256 504 8 393 8 256 119 8 256 8zM140 300h116v70.9c0 10.7 13 16.1 20.5 8.5l114.3-114.9c4.7-4.7 4.7-12.2 0-16.9l-114.3-115c-7.6-7.6-20.5-2.2-20.5 8.5V212H140c-6.6 0-12 5.4-12 12v64c0 6.6 5.4 12 12 12z\"><\/path><\/svg>                                                                                    <\/div>\n                                                                 \n                                <a class=\"d-block font-18 mb_0\" href=\"#\"  target=\"&quot;_blank&quot;\"  rel=\"&quot;nofollow&quot;\">\nBezpieczna i pewna podr\u00f3\u017c<\/a>\n                       \n                                                            <\/div>\n                            <\/li>\n                    <li class=\"list_items trans icons\">\n                <div class=\"l_box d_flex align-items-center\">\n                                            <div class=\"icon_box\">\n                                                                                                                                                        <svg aria-hidden=\"false\" class=\"e-font-icon-svg e-fas-arrow-alt-circle-right\" viewbox=\"0 0 512 512\" xmlns=\"http:\/\/www.w3.org\/2000\/svg\"><path d=\"M256 8c137 0 248 111 248 248S393 504 256 504 8 393 8 256 119 8 256 8zM140 300h116v70.9c0 10.7 13 16.1 20.5 8.5l114.3-114.9c4.7-4.7 4.7-12.2 0-16.9l-114.3-115c-7.6-7.6-20.5-2.2-20.5 8.5V212H140c-6.6 0-12 5.4-12 12v64c0 6.6 5.4 12 12 12z\"><\/path><\/svg>                                                                                    <\/div>\n                                                                 \n                                <a class=\"d-block font-18 mb_0\" href=\"#\"  target=\"&quot;_blank&quot;\"  rel=\"&quot;nofollow&quot;\">\nWygodna i przyjemna<\/a>\n                       \n                                                            <\/div>\n                            <\/li>\n            <\/ul>\n\n\t\t\t\t<\/div>\n\t\t\t\t<\/div>\n\t\t\t\t<\/div>\n\t\t<div class=\"elementor-element elementor-element-0fe3f73 e-con-full e-flex e-con e-child\" data-id=\"0fe3f73\" data-element_type=\"container\" data-e-type=\"container\">\n\t\t\t\t<div class=\"elementor-element elementor-element-6b771d0 elementor-widget elementor-widget-luxride-image-box-v1\" data-id=\"6b771d0\" data-element_type=\"widget\" data-e-type=\"widget\" data-widget_type=\"luxride-image-box-v1.default\">\n\t\t\t\t<div class=\"elementor-widget-container\">\n\t\t\t\t\t <div class=\"luximage_box style_one imgobjfit video_position_ d_flex\"> \r\n            <div class=\"image one img_obj_fit_center\">\r\n            <img decoding=\"async\" src=\"https:\/\/limousineservicepoland.com\/wp-content\/uploads\/2024\/11\/banner-11-1.jpg\" class=\"img parallax1\" alt=\"image\"   \/>\r\n        <\/div>\r\n              \r\n<\/div>\r\n\t\t\t\t<\/div>\n\t\t\t\t<\/div>\n\t\t\t\t<\/div>\n\t\t\t\t<\/div>\n\t\t<div class=\"elementor-element elementor-element-6e034a3 e-flex e-con-boxed e-con e-parent\" data-id=\"6e034a3\" data-element_type=\"container\" data-e-type=\"container\" data-settings=\"{&quot;background_background&quot;:&quot;classic&quot;}\">\n\t\t\t\t\t<div class=\"e-con-inner\">\n\t\t<div class=\"elementor-element elementor-element-9b4d364 e-con-full e-flex e-con e-child\" data-id=\"9b4d364\" data-element_type=\"container\" data-e-type=\"container\">\n\t\t\t\t<div class=\"elementor-element elementor-element-8f33aca elementor-invisible elementor-widget elementor-widget-luxride-title-v1\" data-id=\"8f33aca\" data-element_type=\"widget\" data-e-type=\"widget\" data-settings=\"{&quot;_animation&quot;:&quot;fadeInUp&quot;}\" data-widget_type=\"luxride-title-v1.default\">\n\t\t\t\t<div class=\"elementor-widget-container\">\n\t\t\t\t\t \r\n<div class=\"title_all_box style_one dark_color\">\r\n                <h2 class=\"font-44 mb_15\">Niezawodno\u015b\u0107 nie zna granic, a zaufanie jest uniwersalne. <\/h2>\r\n                <p class=\"text-16 color-dark mb_0\">Od centr\u00f3w t\u0119tni\u0105cych \u017cyciem miast po najdalsze zak\u0105tki odleg\u0142ych krajobraz\u00f3w, nasze zaanga\u017cowanie na rzecz niezawodno\u015bci pozostaje niezachwiane. <\/p>\r\n    <\/div>\r\n\t\t\t\t<\/div>\n\t\t\t\t<\/div>\n\t\t\t\t<div class=\"elementor-element elementor-element-3b2bb25 elementor-invisible elementor-widget elementor-widget-luxride-list-v1\" data-id=\"3b2bb25\" data-element_type=\"widget\" data-e-type=\"widget\" data-settings=\"{&quot;_animation&quot;:&quot;fadeInUp&quot;}\" data-widget_type=\"luxride-list-v1.default\">\n\t\t\t\t<div class=\"elementor-widget-container\">\n\t\t\t\t\t  \n<ul class=\"list_items_box ul_icons dark_color list_type\">\n                        <li class=\"list_items trans icons\">\n                <div class=\"l_box d_flex align-items-center\">\n                                            <div class=\"icon_box\">\n                                                                                                                                                        <svg xmlns=\"http:\/\/www.w3.org\/2000\/svg\" width=\"25\" height=\"25\" viewbox=\"0 0 25 25\" fill=\"none\"><circle opacity=\"0.1\" cx=\"12.5\" cy=\"12.5\" r=\"12.5\" fill=\"black\"><\/circle><path d=\"M15.795 11.1959L12.1022 14.8884C11.8287 15.1619 11.3851 15.1619 11.1114 14.8884L9.20517 12.982C8.93161 12.7085 8.93161 12.2649 9.20517 11.9913C9.47878 11.7177 9.92233 11.7177 10.1958 11.9912L11.6069 13.4024L14.8041 10.2051C15.0778 9.93152 15.5213 9.93173 15.7949 10.2051C16.0684 10.4787 16.0684 10.9222 15.795 11.1959Z\" fill=\"#181A1F\"><\/path><\/svg>                                                                                    <\/div>\n                                                                 \n                                <a class=\"d-block font-18 mb_0\" href=\"#\"  target=\"&quot;_blank&quot;\"  rel=\"&quot;nofollow&quot;\">Przyst\u0119pny cenowo\n<\/a>\n                       \n                                                            <\/div>\n                            <\/li>\n                    <li class=\"list_items trans icons\">\n                <div class=\"l_box d_flex align-items-center\">\n                                            <div class=\"icon_box\">\n                                                                                                                                                        <svg xmlns=\"http:\/\/www.w3.org\/2000\/svg\" width=\"25\" height=\"25\" viewbox=\"0 0 25 25\" fill=\"none\"><circle opacity=\"0.1\" cx=\"12.5\" cy=\"12.5\" r=\"12.5\" fill=\"black\"><\/circle><path d=\"M15.795 11.1959L12.1022 14.8884C11.8287 15.1619 11.3851 15.1619 11.1114 14.8884L9.20517 12.982C8.93161 12.7085 8.93161 12.2649 9.20517 11.9913C9.47878 11.7177 9.92233 11.7177 10.1958 11.9912L11.6069 13.4024L14.8041 10.2051C15.0778 9.93152 15.5213 9.93173 15.7949 10.2051C16.0684 10.4787 16.0684 10.9222 15.795 11.1959Z\" fill=\"#181A1F\"><\/path><\/svg>                                                                                    <\/div>\n                                                                 \n                                <a class=\"d-block font-18 mb_0\" href=\"#\"  target=\"&quot;_blank&quot;\"  rel=\"&quot;nofollow&quot;\">\nProfesjonalny<\/a>\n                       \n                                                            <\/div>\n                            <\/li>\n                    <li class=\"list_items trans icons\">\n                <div class=\"l_box d_flex align-items-center\">\n                                            <div class=\"icon_box\">\n                                                                                                                                                        <svg xmlns=\"http:\/\/www.w3.org\/2000\/svg\" width=\"25\" height=\"25\" viewbox=\"0 0 25 25\" fill=\"none\"><circle opacity=\"0.1\" cx=\"12.5\" cy=\"12.5\" r=\"12.5\" fill=\"black\"><\/circle><path d=\"M15.795 11.1959L12.1022 14.8884C11.8287 15.1619 11.3851 15.1619 11.1114 14.8884L9.20517 12.982C8.93161 12.7085 8.93161 12.2649 9.20517 11.9913C9.47878 11.7177 9.92233 11.7177 10.1958 11.9912L11.6069 13.4024L14.8041 10.2051C15.0778 9.93152 15.5213 9.93173 15.7949 10.2051C16.0684 10.4787 16.0684 10.9222 15.795 11.1959Z\" fill=\"#181A1F\"><\/path><\/svg>                                                                                    <\/div>\n                                                                 \n                                <a class=\"d-block font-18 mb_0\" href=\"#\"  target=\"&quot;_blank&quot;\"  rel=\"&quot;nofollow&quot;\">Punktualny<\/a>\n                       \n                                                            <\/div>\n                            <\/li>\n            <\/ul>\n\n\t\t\t\t<\/div>\n\t\t\t\t<\/div>\n\t\t\t\t<div class=\"elementor-element elementor-element-5b1b149 elementor-widget elementor-widget-spacer\" data-id=\"5b1b149\" data-element_type=\"widget\" data-e-type=\"widget\" data-widget_type=\"spacer.default\">\n\t\t\t\t\t\t\t<div class=\"elementor-spacer\">\n\t\t\t<div class=\"elementor-spacer-inner\"><\/div>\n\t\t<\/div>\n\t\t\t\t\t\t<\/div>\n\t\t\t\t<\/div>\n\t\t\t\t\t<\/div>\n\t\t\t\t<\/div>\n\t\t<div class=\"elementor-element elementor-element-554e140 e-flex e-con-boxed e-con e-parent\" data-id=\"554e140\" data-element_type=\"container\" data-e-type=\"container\">\n\t\t\t\t\t<div class=\"e-con-inner\">\n\t\t\t\t\t<\/div>\n\t\t\t\t<\/div>\n\t\t\t\t<\/div>","protected":false},"excerpt":{"rendered":"<p>About Us We reimagine the way the world moves for the better We offer luxury chauffeur driven airport transfers . Exceptional Safe, Meet and Greet. One hour of complimentary wait time and flight tracking. 100% Luxurious Fleet A Safe &amp; Secure Journey Comfortable And Enjoyable Reliability knows no borders and trust is universal. From the [&hellip;]<\/p>\n","protected":false},"author":1,"featured_media":0,"parent":0,"menu_order":0,"comment_status":"closed","ping_status":"closed","template":"template-homepage.php","meta":{"pagelayer_contact_templates":[],"_pagelayer_content":"","footnotes":""},"class_list":["post-217","page","type-page","status-publish","hentry"],"_links":{"self":[{"href":"https:\/\/limousineservicepoland.com\/pl\/wp-json\/wp\/v2\/pages\/217","targetHints":{"allow":["GET"]}}],"collection":[{"href":"https:\/\/limousineservicepoland.com\/pl\/wp-json\/wp\/v2\/pages"}],"about":[{"href":"https:\/\/limousineservicepoland.com\/pl\/wp-json\/wp\/v2\/types\/page"}],"author":[{"embeddable":true,"href":"https:\/\/limousineservicepoland.com\/pl\/wp-json\/wp\/v2\/users\/1"}],"replies":[{"embeddable":true,"href":"https:\/\/limousineservicepoland.com\/pl\/wp-json\/wp\/v2\/comments?post=217"}],"version-history":[{"count":32,"href":"https:\/\/limousineservicepoland.com\/pl\/wp-json\/wp\/v2\/pages\/217\/revisions"}],"predecessor-version":[{"id":24136,"href":"https:\/\/limousineservicepoland.com\/pl\/wp-json\/wp\/v2\/pages\/217\/revisions\/24136"}],"wp:attachment":[{"href":"https:\/\/limousineservicepoland.com\/pl\/wp-json\/wp\/v2\/media?parent=217"}],"curies":[{"name":"wp","href":"https:\/\/api.w.org\/{rel}","templated":true}]}}